{"id":63,"date":"2025-07-17T13:53:23","date_gmt":"2025-07-17T05:53:23","guid":{"rendered":"https:\/\/dotzso.com\/?page_id=63"},"modified":"2025-07-28T21:26:27","modified_gmt":"2025-07-28T13:26:27","slug":"faq","status":"publish","type":"page","link":"https:\/\/dotzso.com\/de\/faq\/","title":{"rendered":"H\u00e4ufig gestellte Fragen"},"content":{"rendered":"<div data-elementor-type=\"wp-page\" data-elementor-id=\"63\" class=\"elementor elementor-63\">\n\t\t\t\t<div class=\"wd-negative-gap elementor-element elementor-element-1f0d176 e-flex e-con-boxed e-con e-parent\" data-id=\"1f0d176\" data-element_type=\"container\" data-e-type=\"container\">\n\t\t\t\t\t<div class=\"e-con-inner\">\n\t\t\t\t<div class=\"elementor-element elementor-element-3f97d33 elementor-widget elementor-widget-wd_accordion\" data-id=\"3f97d33\" data-element_type=\"widget\" data-e-type=\"widget\" data-widget_type=\"wd_accordion.default\">\n\t\t\t\t<div class=\"elementor-widget-container\">\n\t\t\t\t\t\n\t\t<div class=\"wd-accordion wd-style-shadow wd-titles-left wd-opener-pos-left wd-opener-style-plus\" data-state=\"first\">\n\t\t\t\t\t\t\t\n\t\t\t\t<div class=\"wd-accordion-item\">\n\t\t\t\t\t<div class=\"wd-accordion-title wd-active\" data-accordion-index=\"0\">\n\t\t\t\t\t\t<div class=\"wd-accordion-title-text\">\n\t\t\t\t\t\t\t\t\t\t\t\t\t\t<span>\n\t\t\t\t\t\t\t\tF: Was soll ich tun, wenn ich nicht gen\u00fcgend Diamanten habe?\t\t\t\t\t\t\t<\/span>\n\t\t\t\t\t\t<\/div>\n\t\t\t\t\t\t<span class=\"wd-accordion-opener\"><\/span>\n\t\t\t\t\t<\/div>\n\n\t\t\t\t\t<div class=\"wd-accordion-content wd-entry-content wd-active\" data-accordion-index=\"0\">\n\t\t\t\t\t\t\t\t\t\t\t\t\t\n\t\t\t\t\t\t\t<p>A: Keine Sorge, alle unsere Produktpakete enthalten zus\u00e4tzliche 30%-Diamanten. Sollte Ihr Produkt in schlechtem Zustand bei Ihnen ankommen, machen Sie sich bitte keine Sorgen, unser Kundenservice hilft Ihnen gerne weiter.<\/p><p>Um die Bearbeitung Ihres Falles zu beschleunigen, bitten wir Sie:<\/p><ol><li>Teilen Sie uns Ihre Bestellnummer mit.<\/li><li>Beschreiben Sie das Problem.<\/li><li>F\u00fcgen Sie Ihrer E-Mail einige Fotos oder Videos des Artikels bei.<\/li><\/ol>\n\t\t\t\t\t\t\t\t\t\t\t\t\t\t\t\t\t\t<\/div>\n\t\t\t\t<\/div>\n\t\t\t\t\t\t\t\n\t\t\t\t<div class=\"wd-accordion-item\">\n\t\t\t\t\t<div class=\"wd-accordion-title\" data-accordion-index=\"1\">\n\t\t\t\t\t\t<div class=\"wd-accordion-title-text\">\n\t\t\t\t\t\t\t\t\t\t\t\t\t\t<span>\n\t\t\t\t\t\t\t\tF: Sind Diamantkunst-Sets f\u00fcr Anf\u00e4nger geeignet?\t\t\t\t\t\t\t<\/span>\n\t\t\t\t\t\t<\/div>\n\t\t\t\t\t\t<span class=\"wd-accordion-opener\"><\/span>\n\t\t\t\t\t<\/div>\n\n\t\t\t\t\t<div class=\"wd-accordion-content wd-entry-content\" data-accordion-index=\"1\">\n\t\t\t\t\t\t\t\t\t\t\t\t\t\n\t\t\t\t\t\t\t<p>A: Unsere Produkte sind vielf\u00e4ltig und einfach zu verwenden und f\u00fcr jeden geeignet. Es ist eine tolle Familienaktivit\u00e4t und f\u00f6rdert die Interaktion mit Kindern.<\/p>\n\t\t\t\t\t\t\t\t\t\t\t\t\t\t\t\t\t\t<\/div>\n\t\t\t\t<\/div>\n\t\t\t\t\t\t\t\n\t\t\t\t<div class=\"wd-accordion-item\">\n\t\t\t\t\t<div class=\"wd-accordion-title\" data-accordion-index=\"2\">\n\t\t\t\t\t\t<div class=\"wd-accordion-title-text\">\n\t\t\t\t\t\t\t\t\t\t\t\t\t\t<span>\n\t\t\t\t\t\t\t\tF: Kann es Menschen helfen, sich zu entspannen und Stress abzubauen?\t\t\t\t\t\t\t<\/span>\n\t\t\t\t\t\t<\/div>\n\t\t\t\t\t\t<span class=\"wd-accordion-opener\"><\/span>\n\t\t\t\t\t<\/div>\n\n\t\t\t\t\t<div class=\"wd-accordion-content wd-entry-content\" data-accordion-index=\"2\">\n\t\t\t\t\t\t\t\t\t\t\t\t\t\n\t\t\t\t\t\t\t<p>A: Ja, es ist eine therapeutische und unterhaltsame Aktivit\u00e4t, die hilft, Stress abzubauen und Ihnen eine entspannte und angenehme Zeit erm\u00f6glicht.<\/p><p>Maecenas convallis momentent elit accumsan eu est pulvinar pretium congue a vestibulum suspendisse scelerisque condimentum geb\u00e4ren quam quam consectetur condimentum risus lobortis cum dignissim mi fusion primis rhoncus a rhoncus bibendum geb\u00e4ren condimentum odio a justo a et mollis pulvinar venenatis metus sodales elementum.Parturient ullamcorper natoque mi sagittis a nibh nisi a suspendisse a.<\/p>\n\t\t\t\t\t\t\t\t\t\t\t\t\t\t\t\t\t\t<\/div>\n\t\t\t\t<\/div>\n\t\t\t\t\t\t\t\n\t\t\t\t<div class=\"wd-accordion-item\">\n\t\t\t\t\t<div class=\"wd-accordion-title\" data-accordion-index=\"3\">\n\t\t\t\t\t\t<div class=\"wd-accordion-title-text\">\n\t\t\t\t\t\t\t\t\t\t\t\t\t\t<span>\n\t\t\t\t\t\t\t\tF: Wie reinige ich die fertige Leinwand f\u00fcr das Diamantgem\u00e4lde?\t\t\t\t\t\t\t<\/span>\n\t\t\t\t\t\t<\/div>\n\t\t\t\t\t\t<span class=\"wd-accordion-opener\"><\/span>\n\t\t\t\t\t<\/div>\n\n\t\t\t\t\t<div class=\"wd-accordion-content wd-entry-content\" data-accordion-index=\"3\">\n\t\t\t\t\t\t\t\t\t\t\t\t\t\n\t\t\t\t\t\t\t<p>A: Nach der Fertigstellung des Diamantkunstwerks k\u00f6nnen Sie eine Versiegelung auftragen, um den Glanz der Diamanten dauerhaft zu erhalten. Entfernen Sie den Staub vorsichtig mit einem weichen, trockenen Tuch.<\/p>\n\t\t\t\t\t\t\t\t\t\t\t\t\t\t\t\t\t\t<\/div>\n\t\t\t\t<\/div>\n\t\t\t\t\t\t\t\n\t\t\t\t<div class=\"wd-accordion-item\">\n\t\t\t\t\t<div class=\"wd-accordion-title\" data-accordion-index=\"4\">\n\t\t\t\t\t\t<div class=\"wd-accordion-title-text\">\n\t\t\t\t\t\t\t\t\t\t\t\t\t\t<span>\n\t\t\t\t\t\t\t\tF: Was macht DOTZSO\u00ae anders?\t\t\t\t\t\t\t<\/span>\n\t\t\t\t\t\t<\/div>\n\t\t\t\t\t\t<span class=\"wd-accordion-opener\"><\/span>\n\t\t\t\t\t<\/div>\n\n\t\t\t\t\t<div class=\"wd-accordion-content wd-entry-content\" data-accordion-index=\"4\">\n\t\t\t\t\t\t\t\t\t\t\t\t\t\n\t\t\t\t\t\t\t<p>A: Genie\u00dfen Sie den Spa\u00df am Diamantmalen, vom einfachen Einstieg bis zur Herausforderung! DOTZSO\u00ae bietet Sets in verschiedenen Detailstufen und Gr\u00f6\u00dfen an, sodass Sie unabh\u00e4ngig von Ihrem Interesse oder Erfahrungsniveau den perfekten Einstieg finden.<\/p><p>Nicht alle Sets sind gleicherma\u00dfen zufriedenstellend. Minderwertige Sets d\u00e4mpfen die Begeisterung \u2013 stumpfe Diamanten, verf\u00e4lschte Farben und Entt\u00e4uschung nach der Fertigstellung. Bei DOTZSO\u00ae setzen wir auf Exzellenz: hochwertige Leinw\u00e4nde, brillant gl\u00e4nzende Diamanten und wahre Kunstfertigkeit mit originellen Mustern von talentierten Designern. Deshalb bieten wir einzigartige Designs f\u00fcr ein unvergleichliches Kreativerlebnis. St\u00f6bern Sie jetzt in unserer Kollektion und entdecken Sie Ihr neues Lieblingshobby!<\/p>\n\t\t\t\t\t\t\t\t\t\t\t\t\t\t\t\t\t\t<\/div>\n\t\t\t\t<\/div>\n\t\t\t\t\t\t\t\n\t\t\t\t<div class=\"wd-accordion-item\">\n\t\t\t\t\t<div class=\"wd-accordion-title\" data-accordion-index=\"5\">\n\t\t\t\t\t\t<div class=\"wd-accordion-title-text\">\n\t\t\t\t\t\t\t\t\t\t\t\t\t\t<span>\n\t\t\t\t\t\t\t\tF: Wie kann ich Ihnen auf Ihren sozialen Plattformen folgen?\t\t\t\t\t\t\t<\/span>\n\t\t\t\t\t\t<\/div>\n\t\t\t\t\t\t<span class=\"wd-accordion-opener\"><\/span>\n\t\t\t\t\t<\/div>\n\n\t\t\t\t\t<div class=\"wd-accordion-content wd-entry-content\" data-accordion-index=\"5\">\n\t\t\t\t\t\t\t\t\t\t\t\t\t\n\t\t\t\t\t\t\t<p>A: Wir w\u00fcrden uns freuen, mit Ihnen in Kontakt zu treten! Folgen Sie uns einfach auf den unten aufgef\u00fchrten Social-Media-Plattformen!<\/p><p>Facebook<\/p><p>TikTok<\/p><p>Youtube<\/p><p>Reddit<\/p><p>Rednote<\/p>\n\t\t\t\t\t\t\t\t\t\t\t\t\t\t\t\t\t\t<\/div>\n\t\t\t\t<\/div>\n\t\t\t\t\t\t\t\n\t\t\t\t<div class=\"wd-accordion-item\">\n\t\t\t\t\t<div class=\"wd-accordion-title\" data-accordion-index=\"6\">\n\t\t\t\t\t\t<div class=\"wd-accordion-title-text\">\n\t\t\t\t\t\t\t\t\t\t\t\t\t\t<span>\n\t\t\t\t\t\t\t\tF: Wie finde ich das richtige Produkt f\u00fcr mich?\t\t\t\t\t\t\t<\/span>\n\t\t\t\t\t\t<\/div>\n\t\t\t\t\t\t<span class=\"wd-accordion-opener\"><\/span>\n\t\t\t\t\t<\/div>\n\n\t\t\t\t\t<div class=\"wd-accordion-content wd-entry-content\" data-accordion-index=\"6\">\n\t\t\t\t\t\t\t\t\t\t\t\t\t\n\t\t\t\t\t\t\t<p>A: Das richtige Produkt und die richtige Gr\u00f6\u00dfe zu finden, ist f\u00fcr uns entscheidend. Auf jeder Produktseite finden Sie Gr\u00f6\u00dfenangaben mit Ma\u00dfangaben, die Ihnen helfen, die optimale Passform zu finden. Bei Fragen zu einem bestimmten Produkt wenden Sie sich bitte an unseren Kundenservice. Wir helfen Ihnen gerne, das perfekte Produkt zu finden.<\/p>\n\t\t\t\t\t\t\t\t\t\t\t\t\t\t\t\t\t\t<\/div>\n\t\t\t\t<\/div>\n\t\t\t\t\t\t\t\n\t\t\t\t<div class=\"wd-accordion-item\">\n\t\t\t\t\t<div class=\"wd-accordion-title\" data-accordion-index=\"7\">\n\t\t\t\t\t\t<div class=\"wd-accordion-title-text\">\n\t\t\t\t\t\t\t\t\t\t\t\t\t\t<span>\n\t\t\t\t\t\t\t\tF: Wo finde ich die Anleitung zum Diamantmalen?\t\t\t\t\t\t\t<\/span>\n\t\t\t\t\t\t<\/div>\n\t\t\t\t\t\t<span class=\"wd-accordion-opener\"><\/span>\n\t\t\t\t\t<\/div>\n\n\t\t\t\t\t<div class=\"wd-accordion-content wd-entry-content\" data-accordion-index=\"7\">\n\t\t\t\t\t\t\t\t\t\t\t\t\t\n\t\t\t\t\t\t\t<p>A: Ihr Diamant-Malset enth\u00e4lt die Leinwand, den Diamant-Applikator (Stift), Wachs und eine Ablage. Nehmen Sie alle Artikel aus der Verpackung.<\/p><ul><li>Legen Sie die Leinwand auf eine saubere, ebene Fl\u00e4che. Sie werden eine direkt auf die Leinwand gedruckte Tabelle mit Symbolen bemerken, die den nummerierten Diamantfarben entsprechen. Ordnen Sie die Diamanten der entsprechenden Farbe den Symbolen zu und platzieren Sie sie entsprechend auf der Leinwand.<\/li><li>W\u00e4hlen Sie zun\u00e4chst eine einzelne Farbe f\u00fcr die Diamanten. Geben Sie eine kleine Menge Diamanten in die Schale. Wenn Sie sie leicht schr\u00e4g halten und vorsichtig hin und her sch\u00fctteln, legen sich die Diamanten mit der Vorderseite nach oben ab und lassen sich mit dem Applikator leicht aufnehmen.<\/li><li>Ziehen Sie jeweils einen kleinen Abschnitt der Plastikfolie ab, um daran zu arbeiten. Am besten und einfachsten ist es, immer nur an einem kleinen Abschnitt zu arbeiten. Es ist wichtig, die Leinwand bedeckt zu halten, wenn Sie nicht arbeiten.<\/li><li>Das im Set enthaltene rosa Quadrat ist Wachs. Ziehen Sie die durchsichtige Plastikabdeckung vom Wachs ab und tauchen Sie die Spitze des Applikators in das Wachs, um es zu f\u00fcllen.<\/li><li>Anschlie\u00dfend k\u00f6nnen Sie Diamanten aufnehmen, da diese leicht an der Spitze des Applikators haften bleiben. Dr\u00fccken Sie den Diamanten nach dem Aufnehmen vorsichtig auf das entsprechende Symbol auf der Leinwand.<\/li><li>Wenn der Stift keine Diamanten mehr aufnimmt, denken Sie immer daran, etwas mehr Wachs hinzuzuf\u00fcgen.<\/li><\/ul><p>Wiederholen Sie diesen Vorgang, bis Sie fertig sind!<\/p>\n\t\t\t\t\t\t\t\t\t\t\t\t\t\t\t\t\t\t<\/div>\n\t\t\t\t<\/div>\n\t\t\t\t\t<\/div>\n\t\t\t\t\t\t<\/div>\n\t\t\t\t<\/div>\n\t\t\t\t\t<\/div>\n\t\t\t\t<\/div>\n\t\t\t\t<\/div>","protected":false},"excerpt":{"rendered":"<p>Q: What should I do if I don&#039;t have enough diamonds? A: Don&#8217;t worry, all our product kits include an<\/p>","protected":false},"author":2,"featured_media":0,"parent":0,"menu_order":0,"comment_status":"closed","ping_status":"closed","template":"","meta":{"_seopress_robots_primary_cat":"","_seopress_titles_title":"","_seopress_titles_desc":"","_seopress_robots_index":"","footnotes":""},"class_list":["post-63","page","type-page","status-publish","hentry"],"jetpack_sharing_enabled":true,"_links":{"self":[{"href":"https:\/\/dotzso.com\/de\/wp-json\/wp\/v2\/pages\/63","targetHints":{"allow":["GET"]}}],"collection":[{"href":"https:\/\/dotzso.com\/de\/wp-json\/wp\/v2\/pages"}],"about":[{"href":"https:\/\/dotzso.com\/de\/wp-json\/wp\/v2\/types\/page"}],"author":[{"embeddable":true,"href":"https:\/\/dotzso.com\/de\/wp-json\/wp\/v2\/users\/2"}],"replies":[{"embeddable":true,"href":"https:\/\/dotzso.com\/de\/wp-json\/wp\/v2\/comments?post=63"}],"version-history":[{"count":7,"href":"https:\/\/dotzso.com\/de\/wp-json\/wp\/v2\/pages\/63\/revisions"}],"predecessor-version":[{"id":531,"href":"https:\/\/dotzso.com\/de\/wp-json\/wp\/v2\/pages\/63\/revisions\/531"}],"wp:attachment":[{"href":"https:\/\/dotzso.com\/de\/wp-json\/wp\/v2\/media?parent=63"}],"curies":[{"name":"wp","href":"https:\/\/api.w.org\/{rel}","templated":true}]}}