{"id":35,"date":"2025-07-17T12:05:01","date_gmt":"2025-07-17T04:05:01","guid":{"rendered":"https:\/\/dotzso.com\/?page_id=35"},"modified":"2025-08-12T10:08:03","modified_gmt":"2025-08-12T02:08:03","slug":"dostosowany","status":"publish","type":"page","link":"https:\/\/dotzso.com\/pl\/dostosowany\/","title":{"rendered":"Dostosowane"},"content":{"rendered":"<div data-elementor-type=\"wp-page\" data-elementor-id=\"35\" class=\"elementor elementor-35\">\n\t\t\t\t<div class=\"wd-negative-gap elementor-element elementor-element-0462f7c e-flex e-con-boxed e-con e-parent\" data-id=\"0462f7c\" data-element_type=\"container\">\n\t\t\t\t\t<div class=\"e-con-inner\">\n\t\t<div class=\"elementor-element elementor-element-0f71e5a e-con-full e-flex e-con e-child\" data-id=\"0f71e5a\" data-element_type=\"container\">\n\t\t\t\t<div class=\"elementor-element elementor-element-6b1ed8f elementor-widget elementor-widget-wd_image_or_svg\" data-id=\"6b1ed8f\" data-element_type=\"widget\" data-widget_type=\"wd_image_or_svg.default\">\n\t\t\t\t<div class=\"elementor-widget-container\">\n\t\t\t\t\t\n\t\t<div class=\"wd-image text-left\">\n\t\t\t\t\t\t\t\t<img fetchpriority=\"high\" decoding=\"async\" width=\"800\" height=\"533\" src=\"https:\/\/dotzso.com\/wp-content\/uploads\/2025\/08\/71ouXeUSxWL-800x533.jpg\" class=\"attachment-800x533 size-800x533\" alt=\"\" \/>\t\t\t\t\t<\/div>\n\n\t\t\t\t\t\t<\/div>\n\t\t\t\t<\/div>\n\t\t\t\t<\/div>\n\t\t<div class=\"elementor-element elementor-element-7d5fc8e e-con-full e-flex e-con e-child\" data-id=\"7d5fc8e\" data-element_type=\"container\">\n\t\t\t\t<div class=\"elementor-element elementor-element-bad0c6f elementor-widget elementor-widget-heading\" data-id=\"bad0c6f\" data-element_type=\"widget\" data-widget_type=\"heading.default\">\n\t\t\t\t\t<h2 class=\"elementor-heading-title elementor-size-default\">Dodaj tutaj tekst nag\u0142\u00f3wka<\/h2>\t\t\t\t<\/div>\n\t\t\t\t<div class=\"elementor-element elementor-element-642130c elementor-widget elementor-widget-wd_text_block\" data-id=\"642130c\" data-element_type=\"widget\" data-widget_type=\"wd_text_block.default\">\n\t\t\t\t<div class=\"elementor-widget-container\">\n\t\t\t\t\t\t\t<div class=\"wd-text-block reset-last-child text-left\">\n\t\t\t\n\t\t\t<p>Lorem ipsum dolor sit amet, consectetur adipiscing elita. Ut elit tellus, luctus nec ullamcorper Mattis, pulvinar dapibus leo.<\/p>\n\t\t\t\t\t<\/div>\n\t\t\t\t\t\t<\/div>\n\t\t\t\t<\/div>\n\t\t\t\t<div class=\"elementor-element elementor-element-356a4a6 wd-width-100 elementor-widget elementor-widget-wd_images_gallery\" data-id=\"356a4a6\" data-element_type=\"widget\" data-widget_type=\"wd_images_gallery.default\">\n\t\t\t\t<div class=\"elementor-widget-container\">\n\t\t\t\t\t\t\t<div class=\"wd-images-gallery wd-carousel-container\" style=\"--wd-align-items:center; --wd-justify-content:center;\">\n\t\t\t\t\t\t\t<div class=\"wd-carousel-inner\">\n\t\t\t\t\t\t<div class=\"wd-carousel wd-grid\" data-scroll_per_page=\"yes\" style=\"--wd-col-lg:3;--wd-col-md:3;--wd-col-sm:1;--wd-gap-lg:20px;--wd-gap-sm:10px;\">\n\t\t\t\t\t\t\t\t\t<div class=\"wd-carousel-wrap\">\n\t\t\t\t\t\t\t\t\t\t\t\t\t\t\t\t\t\t<div class=\"wd-gallery-item wd-carousel-item\">\n\t\t\t\t\t\t\n\t\t\t\t\t\t<img decoding=\"async\" width=\"400\" height=\"300\" src=\"https:\/\/dotzso.com\/wp-content\/uploads\/2025\/08\/Q4891-7-400x300.png\" class=\"attachment-400x300 size-400x300\" alt=\"Pytanie 4891-7\" \/>\n\t\t\t\t\t\t\t\t\t\t\t<\/div>\n\t\t\t\t\t\t\t\t\t\t\t\t\t\t\t<div class=\"wd-gallery-item wd-carousel-item\">\n\t\t\t\t\t\t\n\t\t\t\t\t\t<img decoding=\"async\" width=\"400\" height=\"300\" src=\"https:\/\/dotzso.com\/wp-content\/uploads\/2025\/08\/Q4891-6-400x300.png\" class=\"attachment-400x300 size-400x300\" alt=\"Pytanie 4891-6\" \/>\n\t\t\t\t\t\t\t\t\t\t\t<\/div>\n\t\t\t\t\t\t\t\t\t\t\t\t\t\t\t<div class=\"wd-gallery-item wd-carousel-item\">\n\t\t\t\t\t\t\n\t\t\t\t\t\t<img loading=\"lazy\" decoding=\"async\" width=\"400\" height=\"300\" src=\"https:\/\/dotzso.com\/wp-content\/uploads\/2025\/08\/Q4891-3-400x300.png\" class=\"attachment-400x300 size-400x300\" alt=\"Q4891-3\" \/>\n\t\t\t\t\t\t\t\t\t\t\t<\/div>\n\t\t\t\t\t\t\t\t\t\t\t\t\t\t\t<div class=\"wd-gallery-item wd-carousel-item\">\n\t\t\t\t\t\t\n\t\t\t\t\t\t<img loading=\"lazy\" decoding=\"async\" width=\"400\" height=\"300\" src=\"https:\/\/dotzso.com\/wp-content\/uploads\/2025\/08\/Q4891-5-400x300.png\" class=\"attachment-400x300 size-400x300\" alt=\"Pytanie 4891-5\" \/>\n\t\t\t\t\t\t\t\t\t\t\t<\/div>\n\t\t\t\t\t\t\t\t\t\t\t\t\t\t\t<div class=\"wd-gallery-item wd-carousel-item\">\n\t\t\t\t\t\t\n\t\t\t\t\t\t<img loading=\"lazy\" decoding=\"async\" width=\"400\" height=\"300\" src=\"https:\/\/dotzso.com\/wp-content\/uploads\/2025\/08\/819wlczX-0L-400x300.jpg\" class=\"attachment-400x300 size-400x300\" alt=\"Wersja 1.0.0\" \/>\n\t\t\t\t\t\t\t\t\t\t\t<\/div>\n\t\t\t\t\t\t\t\t\t\t\t\t\t\t\t<div class=\"wd-gallery-item wd-carousel-item\">\n\t\t\t\t\t\t\n\t\t\t\t\t\t<img loading=\"lazy\" decoding=\"async\" width=\"400\" height=\"300\" src=\"https:\/\/dotzso.com\/wp-content\/uploads\/2025\/08\/Q4892-7-400x300.png\" class=\"attachment-400x300 size-400x300\" alt=\"Pytanie 4892-7\" \/>\n\t\t\t\t\t\t\t\t\t\t\t<\/div>\n\t\t\t\t\t\t\t\t\t\t\t\t\t\t\t\t<\/div>\n\t\t\t\t\t\t\t\t<\/div>\n\t\t\t\t\t\t\t\t\t\t\t\t\t\t<div class=\"wd-nav-arrows wd-pos-sep wd-hover-1 wd-icon-1\">\n\t\t\t<div class=\"wd-btn-arrow wd-prev wd-disabled\">\n\t\t\t\t<div class=\"wd-arrow-inner\"><\/div>\n\t\t\t<\/div>\n\t\t\t<div class=\"wd-btn-arrow wd-next\">\n\t\t\t\t<div class=\"wd-arrow-inner\"><\/div>\n\t\t\t<\/div>\n\t\t<\/div>\n\t\t\t\t\t\t\n\t\t\t\t<\/div>\n\n\t\t\t\t\t\t<div class=\"wd-nav-pagin-wrap text-center wd-style-shape wd-hide-md-sm wd-hide-sm\">\n\t\t\t<ul class=\"wd-nav-pagin\"><\/ul>\n\t\t<\/div>\n\t\t\t\t\t\t\t\t\t\t\t<\/div>\n\t\t\t\t\t\t<\/div>\n\t\t\t\t<\/div>\n\t\t\t\t<div class=\"elementor-element elementor-element-06272d2 elementor-widget elementor-widget-heading\" data-id=\"06272d2\" data-element_type=\"widget\" data-widget_type=\"heading.default\">\n\t\t\t\t\t<h3 class=\"elementor-heading-title elementor-size-default\">Dodaj tutaj tekst nag\u0142\u00f3wka<\/h3>\t\t\t\t<\/div>\n\t\t\t\t<div class=\"elementor-element elementor-element-e14b89a elementor-widget elementor-widget-heading\" data-id=\"e14b89a\" data-element_type=\"widget\" data-widget_type=\"heading.default\">\n\t\t\t\t\t<h4 class=\"elementor-heading-title elementor-size-default\">Dodaj tutaj tekst nag\u0142\u00f3wka<\/h4>\t\t\t\t<\/div>\n\t\t\t\t<\/div>\n\t\t\t\t\t<\/div>\n\t\t\t\t<\/div>\n\t\t<div class=\"wd-negative-gap elementor-element elementor-element-e1244c0 e-flex e-con-boxed e-con e-parent\" data-id=\"e1244c0\" data-element_type=\"container\">\n\t\t\t\t\t<div class=\"e-con-inner\">\n\t\t<div class=\"elementor-element elementor-element-3bc6c7c e-con-full e-flex elementor-invisible e-con e-child\" data-id=\"3bc6c7c\" data-element_type=\"container\" data-settings=\"{&quot;animation&quot;:&quot;fadeInLeft&quot;}\">\n\t\t\t\t<div class=\"elementor-element elementor-element-6e9fd76 elementor-widget elementor-widget-wd_image_or_svg\" data-id=\"6e9fd76\" data-element_type=\"widget\" data-widget_type=\"wd_image_or_svg.default\">\n\t\t\t\t<div class=\"elementor-widget-container\">\n\t\t\t\t\t\n\t\t<div class=\"wd-image text-left\">\n\t\t\t\t\t\t\t\t<img loading=\"lazy\" decoding=\"async\" width=\"800\" height=\"533\" src=\"https:\/\/dotzso.com\/wp-content\/uploads\/2025\/07\/Lifestyle1_4aba6947-e4fd-4ef8-8a20-1ce2d065db92-800x533.webp\" class=\"attachment-800x533 size-800x533\" alt=\"O nas\" \/>\t\t\t\t\t<\/div>\n\n\t\t\t\t\t\t<\/div>\n\t\t\t\t<\/div>\n\t\t\t\t<\/div>\n\t\t<div class=\"elementor-element elementor-element-ce417b3 e-con-full e-flex elementor-invisible e-con e-child\" data-id=\"ce417b3\" data-element_type=\"container\" data-settings=\"{&quot;animation&quot;:&quot;fadeInRight&quot;}\">\n\t\t\t\t<div class=\"elementor-element elementor-element-2aa3231 elementor-widget elementor-widget-wd_text_block\" data-id=\"2aa3231\" data-element_type=\"widget\" data-widget_type=\"wd_text_block.default\">\n\t\t\t\t<div class=\"elementor-widget-container\">\n\t\t\t\t\t\t\t<div class=\"wd-text-block reset-last-child text-left\">\n\t\t\t\n\t\t\t<p>Na <strong>DOTZSO<\/strong>Nasza historia nie zaczyna si\u0119 w sali konferencyjnej: akt tworzenia powinien przynosi\u0107 czyst\u0105 rado\u015b\u0107 i relaks. DOTZSO to co\u015b wi\u0119cej ni\u017c tylko marka malarstwa diamentowego; zaczyna si\u0119 przy stole rzemie\u015blniczym. Jeste\u015bmy pasjonatami sztuki, kt\u00f3rzy pragn\u0105 przekszta\u0142ci\u0107 Tw\u00f3j czas po\u015bwi\u0119cony na r\u0119kodzie\u0142o w l\u015bni\u0105c\u0105 oaz\u0119 uwa\u017cno\u015bci i spe\u0142nienia. Wynika to ze wsp\u00f3lnej, g\u0142\u0119boko zakorzenionej pasji do sztuki i kreatywno\u015bci oraz prostego przekonania: proces tworzenia powinien by\u0107 tak samo promienny i satysfakcjonuj\u0105cy, jak samo uko\u0144czone arcydzie\u0142o. Postrzegali\u015bmy malowanie diamentowe nie tylko jako hobby, ale jako \u017cyw\u0105 podr\u00f3\u017c uwa\u017cno\u015bci, ekspresji i czystej, nieska\u017conej rado\u015bci.<\/p>\n\t\t\t\t\t<\/div>\n\t\t\t\t\t\t<\/div>\n\t\t\t\t<\/div>\n\t\t\t\t<div class=\"elementor-element elementor-element-ee37ce3 elementor-view-stacked elementor-shape-circle elementor-position-top elementor-mobile-position-top elementor-widget elementor-widget-icon-box\" data-id=\"ee37ce3\" data-element_type=\"widget\" data-widget_type=\"icon-box.default\">\n\t\t\t\t\t\t\t<div class=\"elementor-icon-box-wrapper\">\n\n\t\t\t\t\t\t<div class=\"elementor-icon-box-icon\">\n\t\t\t\t<span  class=\"elementor-icon\">\n\t\t\t\t<svg aria-hidden=\"true\" class=\"e-font-icon-svg e-far-gem\" viewbox=\"0 0 576 512\" xmlns=\"http:\/\/www.w3.org\/2000\/svg\"><path d=\"M464 0H112c-4 0-7.8 2-10 5.4L2 152.6c-2.9 4.4-2.6 10.2.7 14.2l276 340.8c4.8 5.9 13.8 5.9 18.6 0l276-340.8c3.3-4.1 3.6-9.8.7-14.2L474.1 5.4C471.8 2 468.1 0 464 0zm-19.3 48l63.3 96h-68.4l-51.7-96h56.8zm-202.1 0h90.7l51.7 96H191l51.6-96zm-111.3 0h56.8l-51.7 96H68l63.3-96zm-43 144h51.4L208 352 88.3 192zm102.9 0h193.6L288 435.3 191.2 192zM368 352l68.2-160h51.4L368 352z\"><\/path><\/svg>\t\t\t\t<\/span>\n\t\t\t<\/div>\n\t\t\t\n\t\t\t\t\t\t<div class=\"elementor-icon-box-content\">\n\n\t\t\t\t\t\t\t\t\t<h3 class=\"elementor-icon-box-title\">\n\t\t\t\t\t\t<span  >\n\t\t\t\t\t\t\tKolory, kt\u00f3re si\u0119 wyr\u00f3\u017cniaj\u0105\t\t\t\t\t\t<\/span>\n\t\t\t\t\t<\/h3>\n\t\t\t\t\n\t\t\t\t\t\t\t\t\t<p class=\"elementor-icon-box-description\">\n\t\t\t\t\t\tUnikalne techniki produkcji zapewniaj\u0105 \u017cywe, realistyczne kolory i osza\u0142amiaj\u0105c\u0105 intensywno\u015b\u0107. Wi\u0119cej blasku: Ciesz si\u0119 niezr\u00f3wnanym blaskiem dzi\u0119ki naszym diamentom z \u017cywicy 100%, precyzyjnie oszlifowanym, aby zmaksymalizowa\u0107 odbicie \u015bwiat\u0142a i zapewni\u0107 zapieraj\u0105cy dech w piersiach blask.\n\t\t\t\t\t<\/p>\n\t\t\t\t\n\t\t\t<\/div>\n\t\t\t\n\t\t<\/div>\n\t\t\t\t\t\t<\/div>\n\t\t\t\t<div class=\"elementor-element elementor-element-ce56865 elementor-widget elementor-widget-wd_text_block\" data-id=\"ce56865\" data-element_type=\"widget\" data-widget_type=\"wd_text_block.default\">\n\t\t\t\t<div class=\"elementor-widget-container\">\n\t\t\t\t\t\t\t<div class=\"wd-text-block reset-last-child text-left\">\n\t\t\t\n\t\t\t<p>Kieruj\u0105c si\u0119 nasz\u0105 g\u0142\u0119bok\u0105 mi\u0142o\u015bci\u0105 do sztuki i kreatywno\u015bci, po\u015bwi\u0119camy ka\u017cdemu zestawowi DOTZSO mn\u00f3stwo uwagi. Wiemy, \u017ce prawdziwa rado\u015b\u0107 z tworzenia wynika z wyj\u0105tkowej jako\u015bci i inspiruj\u0105cego do\u015bwiadczenia. Dlatego nie tylko tworzymy diamentowe obrazy \u2013 tworzymy chwile promiennej rado\u015bci.<\/p>\n\t\t\t\t\t<\/div>\n\t\t\t\t\t\t<\/div>\n\t\t\t\t<\/div>\n\t\t\t\t<\/div>\n\t\t\t\t\t<\/div>\n\t\t\t\t<\/div>\n\t\t<div class=\"wd-negative-gap elementor-element elementor-element-952d36e e-flex e-con-boxed e-con e-parent\" data-id=\"952d36e\" data-element_type=\"container\">\n\t\t\t\t\t<div class=\"e-con-inner\">\n\t\t\t\t<div class=\"elementor-element elementor-element-431b5a9 elementor-view-stacked elementor-shape-circle elementor-position-top elementor-mobile-position-top elementor-widget elementor-widget-icon-box\" data-id=\"431b5a9\" data-element_type=\"widget\" data-widget_type=\"icon-box.default\">\n\t\t\t\t\t\t\t<div class=\"elementor-icon-box-wrapper\">\n\n\t\t\t\t\t\t<div class=\"elementor-icon-box-icon\">\n\t\t\t\t<span  class=\"elementor-icon\">\n\t\t\t\t<svg aria-hidden=\"true\" class=\"e-font-icon-svg e-far-gem\" viewbox=\"0 0 576 512\" xmlns=\"http:\/\/www.w3.org\/2000\/svg\"><path d=\"M464 0H112c-4 0-7.8 2-10 5.4L2 152.6c-2.9 4.4-2.6 10.2.7 14.2l276 340.8c4.8 5.9 13.8 5.9 18.6 0l276-340.8c3.3-4.1 3.6-9.8.7-14.2L474.1 5.4C471.8 2 468.1 0 464 0zm-19.3 48l63.3 96h-68.4l-51.7-96h56.8zm-202.1 0h90.7l51.7 96H191l51.6-96zm-111.3 0h56.8l-51.7 96H68l63.3-96zm-43 144h51.4L208 352 88.3 192zm102.9 0h193.6L288 435.3 191.2 192zM368 352l68.2-160h51.4L368 352z\"><\/path><\/svg>\t\t\t\t<\/span>\n\t\t\t<\/div>\n\t\t\t\n\t\t\t\t\t\t<div class=\"elementor-icon-box-content\">\n\n\t\t\t\t\t\t\t\t\t<h3 class=\"elementor-icon-box-title\">\n\t\t\t\t\t\t<span  >\n\t\t\t\t\t\t\tKolory, kt\u00f3re si\u0119 wyr\u00f3\u017cniaj\u0105\t\t\t\t\t\t<\/span>\n\t\t\t\t\t<\/h3>\n\t\t\t\t\n\t\t\t\t\t\t\t\t\t<p class=\"elementor-icon-box-description\">\n\t\t\t\t\t\tUnikalne techniki produkcji zapewniaj\u0105 \u017cywe, realistyczne kolory i osza\u0142amiaj\u0105c\u0105 intensywno\u015b\u0107. Wi\u0119cej blasku: Ciesz si\u0119 niezr\u00f3wnanym blaskiem dzi\u0119ki naszym diamentom z \u017cywicy 100%, precyzyjnie oszlifowanym, aby zmaksymalizowa\u0107 odbicie \u015bwiat\u0142a i zapewni\u0107 zapieraj\u0105cy dech w piersiach blask.\n\t\t\t\t\t<\/p>\n\t\t\t\t\n\t\t\t<\/div>\n\t\t\t\n\t\t<\/div>\n\t\t\t\t\t\t<\/div>\n\t\t\t\t\t<\/div>\n\t\t\t\t<\/div>\n\t\t\t\t<\/div>","protected":false},"excerpt":{"rendered":"<p>Add Your Heading Text Here Lorem ipsum dolor sit amet, consectetur adipiscing elit. Ut elit tellus, luctus nec ullamcorper mattis,<\/p>","protected":false},"author":2,"featured_media":0,"parent":0,"menu_order":0,"comment_status":"closed","ping_status":"closed","template":"","meta":{"_seopress_robots_primary_cat":"","_seopress_titles_title":"","_seopress_titles_desc":"","_seopress_robots_index":"","footnotes":""},"class_list":["post-35","page","type-page","status-publish","hentry"],"jetpack_sharing_enabled":true,"_links":{"self":[{"href":"https:\/\/dotzso.com\/pl\/wp-json\/wp\/v2\/pages\/35","targetHints":{"allow":["GET"]}}],"collection":[{"href":"https:\/\/dotzso.com\/pl\/wp-json\/wp\/v2\/pages"}],"about":[{"href":"https:\/\/dotzso.com\/pl\/wp-json\/wp\/v2\/types\/page"}],"author":[{"embeddable":true,"href":"https:\/\/dotzso.com\/pl\/wp-json\/wp\/v2\/users\/2"}],"replies":[{"embeddable":true,"href":"https:\/\/dotzso.com\/pl\/wp-json\/wp\/v2\/comments?post=35"}],"version-history":[{"count":8,"href":"https:\/\/dotzso.com\/pl\/wp-json\/wp\/v2\/pages\/35\/revisions"}],"predecessor-version":[{"id":1287,"href":"https:\/\/dotzso.com\/pl\/wp-json\/wp\/v2\/pages\/35\/revisions\/1287"}],"wp:attachment":[{"href":"https:\/\/dotzso.com\/pl\/wp-json\/wp\/v2\/media?parent=35"}],"curies":[{"name":"wp","href":"https:\/\/api.w.org\/{rel}","templated":true}]}}