{"id":63,"date":"2025-07-17T13:53:23","date_gmt":"2025-07-17T05:53:23","guid":{"rendered":"https:\/\/dotzso.com\/?page_id=63"},"modified":"2025-07-28T21:26:27","modified_gmt":"2025-07-28T13:26:27","slug":"czesto-zadawane-pytania","status":"publish","type":"page","link":"https:\/\/dotzso.com\/pl\/czesto-zadawane-pytania\/","title":{"rendered":"Cz\u0119sto zadawane pytania"},"content":{"rendered":"<div data-elementor-type=\"wp-page\" data-elementor-id=\"63\" class=\"elementor elementor-63\">\n\t\t\t\t<div class=\"wd-negative-gap elementor-element elementor-element-1f0d176 e-flex e-con-boxed e-con e-parent\" data-id=\"1f0d176\" data-element_type=\"container\" data-e-type=\"container\">\n\t\t\t\t\t<div class=\"e-con-inner\">\n\t\t\t\t<div class=\"elementor-element elementor-element-3f97d33 elementor-widget elementor-widget-wd_accordion\" data-id=\"3f97d33\" data-element_type=\"widget\" data-e-type=\"widget\" data-widget_type=\"wd_accordion.default\">\n\t\t\t\t<div class=\"elementor-widget-container\">\n\t\t\t\t\t\n\t\t<div class=\"wd-accordion wd-style-shadow wd-titles-left wd-opener-pos-left wd-opener-style-plus\" data-state=\"first\">\n\t\t\t\t\t\t\t\n\t\t\t\t<div class=\"wd-accordion-item\">\n\t\t\t\t\t<div class=\"wd-accordion-title wd-active\" data-accordion-index=\"0\">\n\t\t\t\t\t\t<div class=\"wd-accordion-title-text\">\n\t\t\t\t\t\t\t\t\t\t\t\t\t\t<span>\n\t\t\t\t\t\t\t\tP: Co mam zrobi\u0107, je\u015bli nie mam wystarczaj\u0105cej liczby diament\u00f3w?\t\t\t\t\t\t\t<\/span>\n\t\t\t\t\t\t<\/div>\n\t\t\t\t\t\t<span class=\"wd-accordion-opener\"><\/span>\n\t\t\t\t\t<\/div>\n\n\t\t\t\t\t<div class=\"wd-accordion-content wd-entry-content wd-active\" data-accordion-index=\"0\">\n\t\t\t\t\t\t\t\t\t\t\t\t\t\n\t\t\t\t\t\t\t<p>A: Nie martw si\u0119, wszystkie nasze zestawy produkt\u00f3w zawieraj\u0105 dodatkowe diamenty 30%. Je\u015bli Tw\u00f3j produkt dotrze w z\u0142ym stanie, nie martw si\u0119 \u2013 nasz zesp\u00f3\u0142 obs\u0142ugi klienta s\u0142u\u017cy pomoc\u0105.<\/p><p>Aby przyspieszy\u0107 rozpatrzenie Pa\u0144stwa sprawy, prosimy o:<\/p><ol><li>Podaj nam numer swojego zam\u00f3wienia.<\/li><li>Opisz problem.<\/li><li>Do\u0142\u0105cz do wiadomo\u015bci e-mail kilka zdj\u0119\u0107 lub film\u00f3w przedstawiaj\u0105cych przedmiot.<\/li><\/ol>\n\t\t\t\t\t\t\t\t\t\t\t\t\t\t\t\t\t\t<\/div>\n\t\t\t\t<\/div>\n\t\t\t\t\t\t\t\n\t\t\t\t<div class=\"wd-accordion-item\">\n\t\t\t\t\t<div class=\"wd-accordion-title\" data-accordion-index=\"1\">\n\t\t\t\t\t\t<div class=\"wd-accordion-title-text\">\n\t\t\t\t\t\t\t\t\t\t\t\t\t\t<span>\n\t\t\t\t\t\t\t\tP: Czy zestawy do zdobienia diamentami s\u0105 odpowiednie dla pocz\u0105tkuj\u0105cych?\t\t\t\t\t\t\t<\/span>\n\t\t\t\t\t\t<\/div>\n\t\t\t\t\t\t<span class=\"wd-accordion-opener\"><\/span>\n\t\t\t\t\t<\/div>\n\n\t\t\t\t\t<div class=\"wd-accordion-content wd-entry-content\" data-accordion-index=\"1\">\n\t\t\t\t\t\t\t\t\t\t\t\t\t\n\t\t\t\t\t\t\t<p>A: Nasze produkty s\u0105 r\u00f3\u017cnorodne i \u0142atwe w u\u017cyciu, odpowiednie dla ka\u017cdego. To \u015bwietna aktywno\u015b\u0107 dla ca\u0142ej rodziny, kt\u00f3ra pomaga w budowaniu relacji z dzie\u0107mi.<\/p>\n\t\t\t\t\t\t\t\t\t\t\t\t\t\t\t\t\t\t<\/div>\n\t\t\t\t<\/div>\n\t\t\t\t\t\t\t\n\t\t\t\t<div class=\"wd-accordion-item\">\n\t\t\t\t\t<div class=\"wd-accordion-title\" data-accordion-index=\"2\">\n\t\t\t\t\t\t<div class=\"wd-accordion-title-text\">\n\t\t\t\t\t\t\t\t\t\t\t\t\t\t<span>\n\t\t\t\t\t\t\t\tP: Czy mo\u017ce pom\u00f3c ludziom si\u0119 zrelaksowa\u0107 i uwolni\u0107 od stresu?\t\t\t\t\t\t\t<\/span>\n\t\t\t\t\t\t<\/div>\n\t\t\t\t\t\t<span class=\"wd-accordion-opener\"><\/span>\n\t\t\t\t\t<\/div>\n\n\t\t\t\t\t<div class=\"wd-accordion-content wd-entry-content\" data-accordion-index=\"2\">\n\t\t\t\t\t\t\t\t\t\t\t\t\t\n\t\t\t\t\t\t\t<p>A: Tak, jest to terapeutyczna i przyjemna aktywno\u015b\u0107, kt\u00f3ra pomaga z\u0142agodzi\u0107 stres i pozwala na odpr\u0119\u017caj\u0105ce i przyjemne sp\u0119dzenie czasu.<\/p><p>maecenas convallis momentent elit accumsan eu est pulvinar pretium congue a przedsionek zawieszenia scelerisque condimentum parturient quam.Aliquet faucibus condimentum amet nam a nascetur zawieszenia habitant a mollis senectus suscipit a przedsionek primis molestie parturient aptent nisi aenean.A scelerisque quam consectetur condimentum risus lobortis cum dignissim mi fusce primis rhoncus a rhoncus bibendum parturient condimentum odio a justo a et mollis pulvinar venenatis metus sodales elementm.Parturient ullamcorper natoque mi sagittis a nibh nisi a zawieszenia a.<\/p>\n\t\t\t\t\t\t\t\t\t\t\t\t\t\t\t\t\t\t<\/div>\n\t\t\t\t<\/div>\n\t\t\t\t\t\t\t\n\t\t\t\t<div class=\"wd-accordion-item\">\n\t\t\t\t\t<div class=\"wd-accordion-title\" data-accordion-index=\"3\">\n\t\t\t\t\t\t<div class=\"wd-accordion-title-text\">\n\t\t\t\t\t\t\t\t\t\t\t\t\t\t<span>\n\t\t\t\t\t\t\t\tP: Jak czy\u015bci\u0107 gotowe p\u0142\u00f3tno do malowania diamentami?\t\t\t\t\t\t\t<\/span>\n\t\t\t\t\t\t<\/div>\n\t\t\t\t\t\t<span class=\"wd-accordion-opener\"><\/span>\n\t\t\t\t\t<\/div>\n\n\t\t\t\t\t<div class=\"wd-accordion-content wd-entry-content\" data-accordion-index=\"3\">\n\t\t\t\t\t\t\t\t\t\t\t\t\t\n\t\t\t\t\t\t\t<p>A: Po zako\u0144czeniu tworzenia diamentowego dzie\u0142a sztuki, mo\u017cesz na\u0142o\u017cy\u0107 klej uszczelniaj\u0105cy, aby diamenty zachowa\u0142y trwa\u0142y po\u0142ysk. Delikatnie odkurz mi\u0119kk\u0105, such\u0105 \u015bciereczk\u0105.<\/p>\n\t\t\t\t\t\t\t\t\t\t\t\t\t\t\t\t\t\t<\/div>\n\t\t\t\t<\/div>\n\t\t\t\t\t\t\t\n\t\t\t\t<div class=\"wd-accordion-item\">\n\t\t\t\t\t<div class=\"wd-accordion-title\" data-accordion-index=\"4\">\n\t\t\t\t\t\t<div class=\"wd-accordion-title-text\">\n\t\t\t\t\t\t\t\t\t\t\t\t\t\t<span>\n\t\t\t\t\t\t\t\tP: Co wyr\u00f3\u017cnia DOTZSO\u00ae?\t\t\t\t\t\t\t<\/span>\n\t\t\t\t\t\t<\/div>\n\t\t\t\t\t\t<span class=\"wd-accordion-opener\"><\/span>\n\t\t\t\t\t<\/div>\n\n\t\t\t\t\t<div class=\"wd-accordion-content wd-entry-content\" data-accordion-index=\"4\">\n\t\t\t\t\t\t\t\t\t\t\t\t\t\n\t\t\t\t\t\t\t<p>A: Ciesz si\u0119 zabaw\u0105 w malowanie diamentowe \u2013 od prostych po wymagaj\u0105ce wyzwania! DOTZSO\u00ae oferuje zestawy o r\u00f3\u017cnym poziomie szczeg\u00f3\u0142owo\u015bci i rozmiarach, dzi\u0119ki czemu znajdziesz idealny punkt wyj\u015bcia, niezale\u017cnie od Twoich zainteresowa\u0144 i poziomu do\u015bwiadczenia.<\/p><p>Pami\u0119taj: Nie wszystkie zestawy daj\u0105 tak\u0105 sam\u0105 satysfakcj\u0119. Zestawy niskiej jako\u015bci wyczerpuj\u0105 entuzjazm \u2013 matowe diamenty, zniekszta\u0142cone kolory, a po ich uko\u0144czeniu pozostaje tylko rozczarowanie. W DOTZSO\u00ae d\u0105\u017cymy do doskona\u0142o\u015bci: wysokiej jako\u015bci p\u0142\u00f3tna, l\u015bni\u0105cych diament\u00f3w i prawdziwego artyzmu z oryginalnymi wzorami od utalentowanych projektant\u00f3w. Dlatego oferujemy unikalne projekty, zapewniaj\u0105c niezr\u00f3wnane, kreatywne do\u015bwiadczenie. Przejrzyj nasz\u0105 pe\u0142n\u0105 kolekcj\u0119 ju\u017c teraz i odkryj swoje nowe ulubione hobby!<\/p>\n\t\t\t\t\t\t\t\t\t\t\t\t\t\t\t\t\t\t<\/div>\n\t\t\t\t<\/div>\n\t\t\t\t\t\t\t\n\t\t\t\t<div class=\"wd-accordion-item\">\n\t\t\t\t\t<div class=\"wd-accordion-title\" data-accordion-index=\"5\">\n\t\t\t\t\t\t<div class=\"wd-accordion-title-text\">\n\t\t\t\t\t\t\t\t\t\t\t\t\t\t<span>\n\t\t\t\t\t\t\t\tP: Jak mog\u0119 \u015bledzi\u0107 Ci\u0119 na Twoich platformach spo\u0142eczno\u015bciowych?\t\t\t\t\t\t\t<\/span>\n\t\t\t\t\t\t<\/div>\n\t\t\t\t\t\t<span class=\"wd-accordion-opener\"><\/span>\n\t\t\t\t\t<\/div>\n\n\t\t\t\t\t<div class=\"wd-accordion-content wd-entry-content\" data-accordion-index=\"5\">\n\t\t\t\t\t\t\t\t\t\t\t\t\t\n\t\t\t\t\t\t\t<p>A: Ch\u0119tnie si\u0119 z Tob\u0105 skontaktujemy! Po prostu obserwuj nas na poni\u017cszych platformach spo\u0142eczno\u015bciowych!<\/p><p>Facebook<\/p><p>TikTok<\/p><p>Youtube<\/p><p>Reddit<\/p><p>Rednote<\/p>\n\t\t\t\t\t\t\t\t\t\t\t\t\t\t\t\t\t\t<\/div>\n\t\t\t\t<\/div>\n\t\t\t\t\t\t\t\n\t\t\t\t<div class=\"wd-accordion-item\">\n\t\t\t\t\t<div class=\"wd-accordion-title\" data-accordion-index=\"6\">\n\t\t\t\t\t\t<div class=\"wd-accordion-title-text\">\n\t\t\t\t\t\t\t\t\t\t\t\t\t\t<span>\n\t\t\t\t\t\t\t\tP: Jak znale\u017a\u0107 odpowiedni dla siebie produkt?\t\t\t\t\t\t\t<\/span>\n\t\t\t\t\t\t<\/div>\n\t\t\t\t\t\t<span class=\"wd-accordion-opener\"><\/span>\n\t\t\t\t\t<\/div>\n\n\t\t\t\t\t<div class=\"wd-accordion-content wd-entry-content\" data-accordion-index=\"6\">\n\t\t\t\t\t\t\t\t\t\t\t\t\t\n\t\t\t\t\t\t\t<p>A: Znalezienie odpowiedniego produktu i rozmiaru jest dla nas kluczowe. Na ka\u017cdej stronie produktu znajdziesz specyfikacj\u0119 rozmiar\u00f3w wraz z wymiarami, kt\u00f3re pomog\u0105 Ci dobra\u0107 idealny rozmiar. W razie pyta\u0144 dotycz\u0105cych konkretnego produktu, prosimy o kontakt z naszym zespo\u0142em obs\u0142ugi klienta. Z przyjemno\u015bci\u0105 pomo\u017cemy Ci znale\u017a\u0107 idealny rozmiar.<\/p>\n\t\t\t\t\t\t\t\t\t\t\t\t\t\t\t\t\t\t<\/div>\n\t\t\t\t<\/div>\n\t\t\t\t\t\t\t\n\t\t\t\t<div class=\"wd-accordion-item\">\n\t\t\t\t\t<div class=\"wd-accordion-title\" data-accordion-index=\"7\">\n\t\t\t\t\t\t<div class=\"wd-accordion-title-text\">\n\t\t\t\t\t\t\t\t\t\t\t\t\t\t<span>\n\t\t\t\t\t\t\t\tP: Gdzie mog\u0119 znale\u017a\u0107 instrukcj\u0119 malowania diament\u00f3w?\t\t\t\t\t\t\t<\/span>\n\t\t\t\t\t\t<\/div>\n\t\t\t\t\t\t<span class=\"wd-accordion-opener\"><\/span>\n\t\t\t\t\t<\/div>\n\n\t\t\t\t\t<div class=\"wd-accordion-content wd-entry-content\" data-accordion-index=\"7\">\n\t\t\t\t\t\t\t\t\t\t\t\t\t\n\t\t\t\t\t\t\t<p>A: Zestaw do malowania diamentami b\u0119dzie zawiera\u0142 p\u0142\u00f3tno, aplikator do diament\u00f3w (pisak), wosk i tack\u0119. Wyjmij wszystkie elementy z opakowania.<\/p><ul><li>Po\u0142\u00f3\u017c p\u0142\u00f3tno na czystej, p\u0142askiej powierzchni. Zobaczysz wydrukowan\u0105 bezpo\u015brednio na p\u0142\u00f3tnie tabel\u0119 z symbolami odpowiadaj\u0105cymi ponumerowanym kolorom diament\u00f3w. Musisz dopasowa\u0107 diamenty w danym kolorze do symboli i odpowiednio je umie\u015bci\u0107 na p\u0142\u00f3tnie.<\/li><li>Na pocz\u0105tek wybierz jeden kolor diament\u00f3w. Wsyp niewielk\u0105 ilo\u015b\u0107 diament\u00f3w do tacki. Trzymaj\u0105c j\u0105 pod lekkim k\u0105tem i delikatnie ni\u0105 potrz\u0105saj\u0105c, diamenty u\u0142o\u017c\u0105 si\u0119 w pozycji wierzchniej, co u\u0142atwi ich prawid\u0142owe nabranie aplikatorem.<\/li><li>Odklej ma\u0142y fragment folii i pracuj nad nim na raz. Praca nad jednym ma\u0142ym fragmentem na raz jest najlepsza i naj\u0142atwiejsza. Wa\u017cne jest, aby p\u0142\u00f3tno by\u0142o przykryte, gdy nie pracujesz.<\/li><li>R\u00f3\u017cowy kwadrat do\u0142\u0105czony do zestawu to wosk. Zdejmij przezroczyst\u0105 foli\u0119 zabezpieczaj\u0105c\u0105 wosk, a nast\u0119pnie zanurz ko\u0144c\u00f3wk\u0119 aplikatora w wosku, aby go nape\u0142ni\u0107.<\/li><li>Nast\u0119pnie mo\u017cesz nabra\u0107 diamenty, poniewa\u017c \u0142atwo przyklejaj\u0105 si\u0119 do ko\u0144c\u00f3wki aplikatora. Po na\u0142o\u017ceniu, delikatnie doci\u015bnij diament do odpowiedniego symbolu na p\u0142\u00f3tnie.<\/li><li>Je\u015bli masz wra\u017cenie, \u017ce pi\u00f3ro przestaje zbiera\u0107 diamenty, pami\u0119taj o dodaniu odrobiny wi\u0119cej wosku.<\/li><\/ul><p>Powtarzaj ten proces, a\u017c do zako\u0144czenia!<\/p>\n\t\t\t\t\t\t\t\t\t\t\t\t\t\t\t\t\t\t<\/div>\n\t\t\t\t<\/div>\n\t\t\t\t\t<\/div>\n\t\t\t\t\t\t<\/div>\n\t\t\t\t<\/div>\n\t\t\t\t\t<\/div>\n\t\t\t\t<\/div>\n\t\t\t\t<\/div>","protected":false},"excerpt":{"rendered":"<p>Q: What should I do if I don&#039;t have enough diamonds? A: Don&#8217;t worry, all our product kits include an<\/p>","protected":false},"author":2,"featured_media":0,"parent":0,"menu_order":0,"comment_status":"closed","ping_status":"closed","template":"","meta":{"_seopress_robots_primary_cat":"","_seopress_titles_title":"","_seopress_titles_desc":"","_seopress_robots_index":"","footnotes":""},"class_list":["post-63","page","type-page","status-publish","hentry"],"jetpack_sharing_enabled":true,"_links":{"self":[{"href":"https:\/\/dotzso.com\/pl\/wp-json\/wp\/v2\/pages\/63","targetHints":{"allow":["GET"]}}],"collection":[{"href":"https:\/\/dotzso.com\/pl\/wp-json\/wp\/v2\/pages"}],"about":[{"href":"https:\/\/dotzso.com\/pl\/wp-json\/wp\/v2\/types\/page"}],"author":[{"embeddable":true,"href":"https:\/\/dotzso.com\/pl\/wp-json\/wp\/v2\/users\/2"}],"replies":[{"embeddable":true,"href":"https:\/\/dotzso.com\/pl\/wp-json\/wp\/v2\/comments?post=63"}],"version-history":[{"count":7,"href":"https:\/\/dotzso.com\/pl\/wp-json\/wp\/v2\/pages\/63\/revisions"}],"predecessor-version":[{"id":531,"href":"https:\/\/dotzso.com\/pl\/wp-json\/wp\/v2\/pages\/63\/revisions\/531"}],"wp:attachment":[{"href":"https:\/\/dotzso.com\/pl\/wp-json\/wp\/v2\/media?parent=63"}],"curies":[{"name":"wp","href":"https:\/\/api.w.org\/{rel}","templated":true}]}}