{"id":63,"date":"2025-07-17T13:53:23","date_gmt":"2025-07-17T05:53:23","guid":{"rendered":"https:\/\/dotzso.com\/?page_id=63"},"modified":"2025-07-28T21:26:27","modified_gmt":"2025-07-28T13:26:27","slug":"perguntas-frequentes","status":"publish","type":"page","link":"https:\/\/dotzso.com\/pt\/perguntas-frequentes\/","title":{"rendered":"Perguntas frequentes"},"content":{"rendered":"<div data-elementor-type=\"wp-page\" data-elementor-id=\"63\" class=\"elementor elementor-63\">\n\t\t\t\t<div class=\"wd-negative-gap elementor-element elementor-element-1f0d176 e-flex e-con-boxed e-con e-parent\" data-id=\"1f0d176\" data-element_type=\"container\" data-e-type=\"container\">\n\t\t\t\t\t<div class=\"e-con-inner\">\n\t\t\t\t<div class=\"elementor-element elementor-element-3f97d33 elementor-widget elementor-widget-wd_accordion\" data-id=\"3f97d33\" data-element_type=\"widget\" data-e-type=\"widget\" data-widget_type=\"wd_accordion.default\">\n\t\t\t\t<div class=\"elementor-widget-container\">\n\t\t\t\t\t\n\t\t<div class=\"wd-accordion wd-style-shadow wd-titles-left wd-opener-pos-left wd-opener-style-plus\" data-state=\"first\">\n\t\t\t\t\t\t\t\n\t\t\t\t<div class=\"wd-accordion-item\">\n\t\t\t\t\t<div class=\"wd-accordion-title wd-active\" data-accordion-index=\"0\">\n\t\t\t\t\t\t<div class=\"wd-accordion-title-text\">\n\t\t\t\t\t\t\t\t\t\t\t\t\t\t<span>\n\t\t\t\t\t\t\t\tP: O que devo fazer se n\u00e3o tiver diamantes suficientes?\t\t\t\t\t\t\t<\/span>\n\t\t\t\t\t\t<\/div>\n\t\t\t\t\t\t<span class=\"wd-accordion-opener\"><\/span>\n\t\t\t\t\t<\/div>\n\n\t\t\t\t\t<div class=\"wd-accordion-content wd-entry-content wd-active\" data-accordion-index=\"0\">\n\t\t\t\t\t\t\t\t\t\t\t\t\t\n\t\t\t\t\t\t\t<p>R: N\u00e3o se preocupe, todos os nossos kits de produtos incluem diamantes 30% extras. Se o seu produto chegar em mau estado, n\u00e3o se preocupe, nossa equipe de suporte ao cliente est\u00e1 aqui para ajudar.<\/p><p>Para agilizar o tratamento do seu caso, pedimos gentilmente que voc\u00ea:<\/p><ol><li>Informe o ID do seu pedido.<\/li><li>Descreva o problema.<\/li><li>Anexe algumas fotos ou v\u00eddeos do item no seu e-mail.<\/li><\/ol>\n\t\t\t\t\t\t\t\t\t\t\t\t\t\t\t\t\t\t<\/div>\n\t\t\t\t<\/div>\n\t\t\t\t\t\t\t\n\t\t\t\t<div class=\"wd-accordion-item\">\n\t\t\t\t\t<div class=\"wd-accordion-title\" data-accordion-index=\"1\">\n\t\t\t\t\t\t<div class=\"wd-accordion-title-text\">\n\t\t\t\t\t\t\t\t\t\t\t\t\t\t<span>\n\t\t\t\t\t\t\t\tP: Os kits de arte com diamantes s\u00e3o adequados para iniciantes?\t\t\t\t\t\t\t<\/span>\n\t\t\t\t\t\t<\/div>\n\t\t\t\t\t\t<span class=\"wd-accordion-opener\"><\/span>\n\t\t\t\t\t<\/div>\n\n\t\t\t\t\t<div class=\"wd-accordion-content wd-entry-content\" data-accordion-index=\"1\">\n\t\t\t\t\t\t\t\t\t\t\t\t\t\n\t\t\t\t\t\t\t<p>R: Nossos produtos s\u00e3o diversos e f\u00e1ceis de usar, adequados para todos. \u00c9 uma \u00f3tima atividade para a fam\u00edlia e ajuda a melhorar a intera\u00e7\u00e3o com as crian\u00e7as.<\/p>\n\t\t\t\t\t\t\t\t\t\t\t\t\t\t\t\t\t\t<\/div>\n\t\t\t\t<\/div>\n\t\t\t\t\t\t\t\n\t\t\t\t<div class=\"wd-accordion-item\">\n\t\t\t\t\t<div class=\"wd-accordion-title\" data-accordion-index=\"2\">\n\t\t\t\t\t\t<div class=\"wd-accordion-title-text\">\n\t\t\t\t\t\t\t\t\t\t\t\t\t\t<span>\n\t\t\t\t\t\t\t\tP: Pode ajudar as pessoas a relaxar e aliviar o estresse?\t\t\t\t\t\t\t<\/span>\n\t\t\t\t\t\t<\/div>\n\t\t\t\t\t\t<span class=\"wd-accordion-opener\"><\/span>\n\t\t\t\t\t<\/div>\n\n\t\t\t\t\t<div class=\"wd-accordion-content wd-entry-content\" data-accordion-index=\"2\">\n\t\t\t\t\t\t\t\t\t\t\t\t\t\n\t\t\t\t\t\t\t<p>R: Sim, \u00e9 uma atividade terap\u00eautica e prazerosa que ajuda a aliviar o estresse, permitindo que voc\u00ea tenha um momento relaxante e agrad\u00e1vel.<\/p><p>maecenas convallis torquent elit accumsan eu est pulvinar pretium congue a vestibulum suspendisse scelerisque condimentum parturient quam.Aliquet faucibus condimentum amet nam a nastur suspendisse habitant a mollis senectus suscipit a vestibulum primis molestie parturient aptent nisi aenean.A scelerisque quam consectetur condimentum risus lobortis cum dignissim mi fusce primis rhoncus a rhoncus bibendum parturient condimentum odio a justo a et mollis pulvinar venenatis metus sodales elementum.Parturient ullamcorper natoque mi sagittis a nibh nisi a suspendisse a.<\/p>\n\t\t\t\t\t\t\t\t\t\t\t\t\t\t\t\t\t\t<\/div>\n\t\t\t\t<\/div>\n\t\t\t\t\t\t\t\n\t\t\t\t<div class=\"wd-accordion-item\">\n\t\t\t\t\t<div class=\"wd-accordion-title\" data-accordion-index=\"3\">\n\t\t\t\t\t\t<div class=\"wd-accordion-title-text\">\n\t\t\t\t\t\t\t\t\t\t\t\t\t\t<span>\n\t\t\t\t\t\t\t\tP: Como fa\u00e7o para limpar a tela de pintura diamante finalizada?\t\t\t\t\t\t\t<\/span>\n\t\t\t\t\t\t<\/div>\n\t\t\t\t\t\t<span class=\"wd-accordion-opener\"><\/span>\n\t\t\t\t\t<\/div>\n\n\t\t\t\t\t<div class=\"wd-accordion-content wd-entry-content\" data-accordion-index=\"3\">\n\t\t\t\t\t\t\t\t\t\t\t\t\t\n\t\t\t\t\t\t\t<p>R: Ap\u00f3s finalizar a arte com diamantes, voc\u00ea pode aplicar um selante de cola para manter os diamantes permanentemente brilhantes. Limpe delicadamente com um pano macio e seco.<\/p>\n\t\t\t\t\t\t\t\t\t\t\t\t\t\t\t\t\t\t<\/div>\n\t\t\t\t<\/div>\n\t\t\t\t\t\t\t\n\t\t\t\t<div class=\"wd-accordion-item\">\n\t\t\t\t\t<div class=\"wd-accordion-title\" data-accordion-index=\"4\">\n\t\t\t\t\t\t<div class=\"wd-accordion-title-text\">\n\t\t\t\t\t\t\t\t\t\t\t\t\t\t<span>\n\t\t\t\t\t\t\t\tP: O que torna o DOTZSO\u00ae diferente?\t\t\t\t\t\t\t<\/span>\n\t\t\t\t\t\t<\/div>\n\t\t\t\t\t\t<span class=\"wd-accordion-opener\"><\/span>\n\t\t\t\t\t<\/div>\n\n\t\t\t\t\t<div class=\"wd-accordion-content wd-entry-content\" data-accordion-index=\"4\">\n\t\t\t\t\t\t\t\t\t\t\t\t\t\n\t\t\t\t\t\t\t<p>R: Aproveite a divers\u00e3o da pintura diamante, desde os primeiros passos at\u00e9 os desafios! A DOTZSO\u00ae oferece kits com v\u00e1rios n\u00edveis de detalhe e tamanhos, garantindo que voc\u00ea encontre o ponto de partida perfeito, independentemente do seu interesse ou n\u00edvel de experi\u00eancia.<\/p><p>Lembre-se: nem todos os kits proporcionam a mesma satisfa\u00e7\u00e3o. Kits de baixa qualidade drenam o entusiasmo \u2014 diamantes opacos, cores distorcidas, deixando apenas decep\u00e7\u00e3o ap\u00f3s a conclus\u00e3o. Na DOTZSO\u00ae, nos dedicamos \u00e0 excel\u00eancia: telas de alta qualidade, diamantes com brilho intenso e verdadeira arte com padr\u00f5es originais de designers talentosos. \u00c9 por isso que oferecemos designs exclusivos, proporcionando a voc\u00ea uma experi\u00eancia criativa incompar\u00e1vel. Explore nossa cole\u00e7\u00e3o completa agora mesmo e descubra seu novo hobby favorito!<\/p>\n\t\t\t\t\t\t\t\t\t\t\t\t\t\t\t\t\t\t<\/div>\n\t\t\t\t<\/div>\n\t\t\t\t\t\t\t\n\t\t\t\t<div class=\"wd-accordion-item\">\n\t\t\t\t\t<div class=\"wd-accordion-title\" data-accordion-index=\"5\">\n\t\t\t\t\t\t<div class=\"wd-accordion-title-text\">\n\t\t\t\t\t\t\t\t\t\t\t\t\t\t<span>\n\t\t\t\t\t\t\t\tP: Como posso seguir voc\u00ea em suas plataformas sociais?\t\t\t\t\t\t\t<\/span>\n\t\t\t\t\t\t<\/div>\n\t\t\t\t\t\t<span class=\"wd-accordion-opener\"><\/span>\n\t\t\t\t\t<\/div>\n\n\t\t\t\t\t<div class=\"wd-accordion-content wd-entry-content\" data-accordion-index=\"5\">\n\t\t\t\t\t\t\t\t\t\t\t\t\t\n\t\t\t\t\t\t\t<p>A: Adorar\u00edamos entrar em contato com voc\u00ea! Basta nos seguir nas redes sociais abaixo!<\/p><p>Facebook<\/p><p>TikTok<\/p><p>YouTube<\/p><p>Reddit<\/p><p>Nota vermelha<\/p>\n\t\t\t\t\t\t\t\t\t\t\t\t\t\t\t\t\t\t<\/div>\n\t\t\t\t<\/div>\n\t\t\t\t\t\t\t\n\t\t\t\t<div class=\"wd-accordion-item\">\n\t\t\t\t\t<div class=\"wd-accordion-title\" data-accordion-index=\"6\">\n\t\t\t\t\t\t<div class=\"wd-accordion-title-text\">\n\t\t\t\t\t\t\t\t\t\t\t\t\t\t<span>\n\t\t\t\t\t\t\t\tP: Como encontro o produto certo para mim?\t\t\t\t\t\t\t<\/span>\n\t\t\t\t\t\t<\/div>\n\t\t\t\t\t\t<span class=\"wd-accordion-opener\"><\/span>\n\t\t\t\t\t<\/div>\n\n\t\t\t\t\t<div class=\"wd-accordion-content wd-entry-content\" data-accordion-index=\"6\">\n\t\t\t\t\t\t\t\t\t\t\t\t\t\n\t\t\t\t\t\t\t<p>R: Encontrar o produto e o tamanho certos \u00e9 crucial para n\u00f3s. Em cada p\u00e1gina de produto, voc\u00ea encontrar\u00e1 especifica\u00e7\u00f5es de tamanho com medidas para ajudar a determinar o melhor ajuste. Se tiver alguma d\u00favida sobre um produto espec\u00edfico, entre em contato com nossa equipe de atendimento ao cliente para obter ajuda. Eles ter\u00e3o prazer em ajudar voc\u00ea a encontrar o par perfeito.<\/p>\n\t\t\t\t\t\t\t\t\t\t\t\t\t\t\t\t\t\t<\/div>\n\t\t\t\t<\/div>\n\t\t\t\t\t\t\t\n\t\t\t\t<div class=\"wd-accordion-item\">\n\t\t\t\t\t<div class=\"wd-accordion-title\" data-accordion-index=\"7\">\n\t\t\t\t\t\t<div class=\"wd-accordion-title-text\">\n\t\t\t\t\t\t\t\t\t\t\t\t\t\t<span>\n\t\t\t\t\t\t\t\tP: Onde posso encontrar as instru\u00e7\u00f5es de pintura de diamante?\t\t\t\t\t\t\t<\/span>\n\t\t\t\t\t\t<\/div>\n\t\t\t\t\t\t<span class=\"wd-accordion-opener\"><\/span>\n\t\t\t\t\t<\/div>\n\n\t\t\t\t\t<div class=\"wd-accordion-content wd-entry-content\" data-accordion-index=\"7\">\n\t\t\t\t\t\t\t\t\t\t\t\t\t\n\t\t\t\t\t\t\t<p>R: Seu kit de pintura diamante incluir\u00e1 a tela, o aplicador de diamante (caneta), a cera e a bandeja. Retire todos os itens da embalagem.<\/p><ul><li>Coloque a tela sobre uma superf\u00edcie limpa e plana. Voc\u00ea ver\u00e1 um gr\u00e1fico impresso diretamente na tela com s\u00edmbolos correspondentes \u00e0s cores numeradas dos losangos. Voc\u00ea precisa combinar os losangos da cor correspondente aos s\u00edmbolos e coloc\u00e1-los na tela de acordo.<\/li><li>Escolha uma \u00fanica cor de diamantes para come\u00e7ar. Despeje uma pequena quantidade de diamantes na bandeja. Se voc\u00ea segur\u00e1-la em um leve \u00e2ngulo e agit\u00e1-la suavemente para frente e para tr\u00e1s, os diamantes se acomodar\u00e3o com a face para cima, facilitando a coleta correta com o aplicador.<\/li><li>Retire uma pequena parte do filme pl\u00e1stico para trabalhar de cada vez. Trabalhar em uma pequena parte de cada vez \u00e9 o melhor e mais f\u00e1cil. \u00c9 importante manter a tela coberta quando n\u00e3o estiver trabalhando.<\/li><li>O quadrado rosa incluso no kit \u00e9 cera. Retire o pl\u00e1stico transparente que cobre a cera e mergulhe a ponta do aplicador na cera para preench\u00ea-la.<\/li><li>Voc\u00ea pode ent\u00e3o pegar os diamantes, pois eles grudam facilmente na ponta do aplicador. Depois de retir\u00e1-los, pressione cuidadosamente o diamante sobre o s\u00edmbolo correspondente na tela.<\/li><li>Se a caneta parece parar de coletar diamantes, lembre-se sempre de adicionar um pouco mais de cera.<\/li><\/ul><p>Repita esse processo at\u00e9 terminar!<\/p>\n\t\t\t\t\t\t\t\t\t\t\t\t\t\t\t\t\t\t<\/div>\n\t\t\t\t<\/div>\n\t\t\t\t\t<\/div>\n\t\t\t\t\t\t<\/div>\n\t\t\t\t<\/div>\n\t\t\t\t\t<\/div>\n\t\t\t\t<\/div>\n\t\t\t\t<\/div>","protected":false},"excerpt":{"rendered":"<p>Q: What should I do if I don&#039;t have enough diamonds? A: Don&#8217;t worry, all our product kits include an<\/p>","protected":false},"author":2,"featured_media":0,"parent":0,"menu_order":0,"comment_status":"closed","ping_status":"closed","template":"","meta":{"_seopress_robots_primary_cat":"","_seopress_titles_title":"","_seopress_titles_desc":"","_seopress_robots_index":"","footnotes":""},"class_list":["post-63","page","type-page","status-publish","hentry"],"jetpack_sharing_enabled":true,"_links":{"self":[{"href":"https:\/\/dotzso.com\/pt\/wp-json\/wp\/v2\/pages\/63","targetHints":{"allow":["GET"]}}],"collection":[{"href":"https:\/\/dotzso.com\/pt\/wp-json\/wp\/v2\/pages"}],"about":[{"href":"https:\/\/dotzso.com\/pt\/wp-json\/wp\/v2\/types\/page"}],"author":[{"embeddable":true,"href":"https:\/\/dotzso.com\/pt\/wp-json\/wp\/v2\/users\/2"}],"replies":[{"embeddable":true,"href":"https:\/\/dotzso.com\/pt\/wp-json\/wp\/v2\/comments?post=63"}],"version-history":[{"count":7,"href":"https:\/\/dotzso.com\/pt\/wp-json\/wp\/v2\/pages\/63\/revisions"}],"predecessor-version":[{"id":531,"href":"https:\/\/dotzso.com\/pt\/wp-json\/wp\/v2\/pages\/63\/revisions\/531"}],"wp:attachment":[{"href":"https:\/\/dotzso.com\/pt\/wp-json\/wp\/v2\/media?parent=63"}],"curies":[{"name":"wp","href":"https:\/\/api.w.org\/{rel}","templated":true}]}}